{"id":308,"date":"2018-12-31T11:11:15","date_gmt":"2018-12-31T16:11:15","guid":{"rendered":"https:\/\/www.kayeboesme.com\/pangrammatike\/?page_id=308"},"modified":"2018-12-31T11:11:17","modified_gmt":"2018-12-31T16:11:17","slug":"post-list","status":"publish","type":"page","link":"https:\/\/www.kayeboesme.com\/pangrammatike\/post-list\/","title":{"rendered":"Post List"},"content":{"rendered":"\n<ul class=\"lcp_catlist\" id=\"lcp_instance_0\"><li><a href=\"https:\/\/www.kayeboesme.com\/pangrammatike\/2023\/07\/07\/moving-to-substack-and-a-book-announcement\/\">Moving to Substack \u2014 and a Book Announcement<\/a><div class=\"lcp_excerpt\">\nIt\u2019s been a while, and I have a few updates for you.\n\n\nFirst, Pangrammatike is moving from Wordpress to Substack. Substack ...<\/div><\/li><li><a href=\"https:\/\/www.kayeboesme.com\/pangrammatike\/2022\/05\/20\/conlanging-through-heraclitus\/\">Conlanging Through Heraclitus<\/a><div class=\"lcp_excerpt\">\nSometimes translating things is a great way to get a feel for conlangs. I&#8217;ve been thinking more about mine over ...<\/div><\/li><li><a href=\"https:\/\/www.kayeboesme.com\/pangrammatike\/2021\/04\/29\/gates-of-ivory-gates-of-horn\/\">&#8220;Gates of Ivory, Gates of Horn&#8221;<\/a><div class=\"lcp_excerpt\">\nA few years ago, I decided to write something that spoke to the experience of growing up Neopagan \u2014 one ...<\/div><\/li><li><a href=\"https:\/\/www.kayeboesme.com\/pangrammatike\/2021\/04\/29\/twenty-poems-intersections-of-life-polytheism-and-platonizing-sensemaking\/\">Twenty Poems: Intersections of Life, Polytheism, and (Platonizing) Sensemaking<\/a><div class=\"lcp_excerpt\">\nOne of the puzzles with having a somewhat lively religious blog is that there is more incentive for me to ...<\/div><\/li><li><a href=\"https:\/\/www.kayeboesme.com\/pangrammatike\/2021\/04\/28\/longing-for-water\/\">&#8220;Longing for Water&#8221;<\/a><div class=\"lcp_excerpt\">\nI wrote this short piece back in 2017 when I was working through worldbuilding for the main universe I write ...<\/div><\/li><li><a href=\"https:\/\/www.kayeboesme.com\/pangrammatike\/2021\/02\/07\/website-updates-and-current-projects\/\">Website Updates and Current Projects<\/a><div class=\"lcp_excerpt\">\nThis weekend, I spent a bit of time updating my main website, kayeboesme.com. I switched from a hard-coded HTML5 site ...<\/div><\/li><li><a href=\"https:\/\/www.kayeboesme.com\/pangrammatike\/2021\/01\/18\/ending-2020\/\">Ending 2020<\/a><div class=\"lcp_excerpt\">\n2020 was a year. I went into it with several creative goals, and this blog post will serve as a ...<\/div><\/li><li><a href=\"https:\/\/www.kayeboesme.com\/pangrammatike\/2020\/12\/31\/lexember-2020-coming-to-the-end\/\">Lexember 2020: Coming to the End<\/a><div class=\"lcp_excerpt\">\nDay 23\n\n\nK\u00f1o&nbsp;\/k\u0272\u00f5\/,&nbsp;package.Gnabik\u00f1o&nbsp;\/gn\u0251.bi.\u02c8k\u0272\u00f5\/,&nbsp;warehouse district.K\u00f1o\u00e4i&nbsp;\/k\u0272\u00f5.ha\u035c\u026a\/,&nbsp;to pack.&nbsp;This becomes&nbsp;to send&nbsp;if the object takes the&nbsp;-\u00f6s&nbsp;suffix.\n\n\nIl \u1ecbmlatyas mes T\u00e6rin ademlzabe il k\u00f1o \u00e5ku.Your (pl.) packages are ...<\/div><\/li><li><a href=\"https:\/\/www.kayeboesme.com\/pangrammatike\/2020\/12\/22\/lexember-2020-week-3\/\">Lexember 2020: Week 3<\/a><div class=\"lcp_excerpt\">\nDay 16\n\n\nV\u00e4lit&nbsp;\/v\u0251\u0324.\u02c8lit\/,&nbsp;1.&nbsp;to focus;&nbsp;2.&nbsp;to carve;&nbsp;3.&nbsp;to sharpen.Elt&nbsp;\/\u025blt\/,&nbsp;repetitive.\u00cbnselt&nbsp;\/\u025b\u031d\u0324n.\u02c8s\u025blt\/,&nbsp;monotonous.\n\n\nIl loft v\u00e4lssarri kolbhe.I  sharpen the knives tomorrow.\n\n\nDiphya ov\u00e4lzabeneu?Why can&#8217;t you all focus right ...<\/div><\/li><li><a href=\"https:\/\/www.kayeboesme.com\/pangrammatike\/2020\/12\/15\/lexember-2020-week-2\/\">Lexember 2020: Week 2<\/a><div class=\"lcp_excerpt\">\nDay 8\n\n\nKabsi&nbsp;\/k\u0251b.\u02c8si\/,&nbsp;to light.&nbsp;Irregular root&nbsp;kazi&nbsp;\/k\u0251.\u02c8zi\/Osnet&nbsp;\/os.\u02c8n\u025bt\/,&nbsp;destruction.\n\n\nK&#8217;ib\u00e5nibhe kazisus.We (excl.) lit the oil lamp.\n\n\nKazi&nbsp;\u00e6&nbsp;kaz&nbsp;naky\u00e6la Sabahjen \u2014 bhet i besun \u00e6 i kaza, i osnet ...<\/div><\/li><li><a href=\"https:\/\/www.kayeboesme.com\/pangrammatike\/2020\/12\/07\/lexember-2020-week-1\/\">Lexember 2020: Week 1<\/a><div class=\"lcp_excerpt\">\nThis Lexember, I decided to work on Narahji because I felt like it was neglected. Here&#8217;s what I&#8217;ve been adding ...<\/div><\/li><li><a href=\"https:\/\/www.kayeboesme.com\/pangrammatike\/2020\/11\/11\/acts-of-speech-paperback\/\">ACTS OF SPEECH Paperback<\/a><div class=\"lcp_excerpt\">\nThe paperback of\u00a0Acts of Speech\u00a0is available for purchase.\u00a0It has been listed automatically on Amazon and on the more ethical alternative ...<\/div><\/li><li><a href=\"https:\/\/www.kayeboesme.com\/pangrammatike\/2020\/10\/29\/acts-of-speech-is-out\/\">Acts of Speech Is Out<\/a><div class=\"lcp_excerpt\">\nActs of Speech&nbsp;is now out and in the wild in e-format. (The print is a bit delayed due to the ...<\/div><\/li><li><a href=\"https:\/\/www.kayeboesme.com\/pangrammatike\/2020\/10\/20\/poem-the-dropbox-near-sunset\/\">Poem: The Dropbox Near Sunset<\/a><div class=\"lcp_excerpt\">\nI walked an hour to the secure ballot dropbox and back, or thirty minutes each way. Here is a quick ...<\/div><\/li><li><a href=\"https:\/\/www.kayeboesme.com\/pangrammatike\/2020\/09\/28\/update-acts-of-speech\/\">Update: ACTS OF SPEECH<\/a><div class=\"lcp_excerpt\">\nThe logistics of Acts of Speech are coming together. When I decided to self-publish a poetry book, it was partially ...<\/div><\/li><li><a href=\"https:\/\/www.kayeboesme.com\/pangrammatike\/2020\/09\/02\/the-season-of-expansion\/\">The Season of Expansion<\/a><div class=\"lcp_excerpt\">\nI.The void, too, bubbles:Voidless static sunders us,swelling years yawn wide.\n\n\nII.Follow the linelessharmony as she builds up \u2014bursts forth \u2014 a ...<\/div><\/li><li><a href=\"https:\/\/www.kayeboesme.com\/pangrammatike\/2020\/08\/27\/skillbuilding-in-verse-2-second-hour-of-waking\/\">Skillbuilding in Verse #2: Second Hour of Waking<\/a><div class=\"lcp_excerpt\">\n8 AM \u2014 a dullsky oozing through glass,storms forecast \u2014 a lullof stillness must pass,\n\n\none more hollow hourbefore work should ...<\/div><\/li><li><a href=\"https:\/\/www.kayeboesme.com\/pangrammatike\/2020\/08\/19\/skillbuilding-in-verse-1\/\">Skillbuilding in Verse (#1)<\/a><div class=\"lcp_excerpt\">\nMost of my poems either go by syllable count, (more or less) iambic pentameter, or a combination. This has been ...<\/div><\/li><li><a href=\"https:\/\/www.kayeboesme.com\/pangrammatike\/2020\/06\/30\/im-doing-a-poetry-book\/\">I&#8217;m Doing a Poetry Book<\/a><div class=\"lcp_excerpt\">An update on my writing\/conlang blog about a poetry book I&#8217;m putting together.\n<\/div><\/li><li><a href=\"https:\/\/www.kayeboesme.com\/pangrammatike\/2020\/01\/02\/poem-in-reckoning-4\/\">Poem in Reckoning 4<\/a><div class=\"lcp_excerpt\">\nGeneral writing update: Yesterday, January 1, Reckoning 4 was released. The literary journal features speculative writing on environmental justice. #4 ...<\/div><\/li><li><a href=\"https:\/\/www.kayeboesme.com\/pangrammatike\/2019\/12\/31\/lexember-2019-december-25-31\/\">Lexember 2019: December 25-31<\/a><div class=\"lcp_excerpt\">\nDecember 25\n\n\nHene\u00e5n&nbsp;\/\u02c8h\u025b.n\u0259\u0361\u0254n\/, n. Class D.&nbsp;Dampener, as in something that reduces noise. Plural&nbsp;hene\u00e5mua.&nbsp;Hene\u00e5ni, dampened.&nbsp;Ahene\u00e5nit, to dampen, to reduce noisiness.&nbsp;Hene\u00e5n\u1ecbfua, earplugs.\n\n\n\u1ecaf&nbsp;\/\u026af\/, n. ...<\/div><\/li><li><a href=\"https:\/\/www.kayeboesme.com\/pangrammatike\/2019\/12\/30\/ending-2019\/\">Ending 2019<\/a><div class=\"lcp_excerpt\">My annual year in review post, with a focus on writing: Some stats, some project updates, reflections on how much ...<\/div><\/li><li><a href=\"https:\/\/www.kayeboesme.com\/pangrammatike\/2019\/12\/24\/lexember-2019-december-16-24\/\">Lexember 2019: December 16-24<\/a><div class=\"lcp_excerpt\">\nDecember 16\n\n\nToday&#8217;s word showcases some stuff I talked about back in 2017 \u2014 namely, that the articles in Tveshi occasionally ...<\/div><\/li><li><a href=\"https:\/\/www.kayeboesme.com\/pangrammatike\/2019\/12\/18\/the-waterfall-commune\/\">The Waterfall Commune<\/a><div class=\"lcp_excerpt\">\nThis is a short story \u2014 6,200 words \u2014 about a group of young adults in their 20s who decide ...<\/div><\/li><li><a href=\"https:\/\/www.kayeboesme.com\/pangrammatike\/2019\/12\/15\/lexember-2019-december-8-15\/\">Lexember 2019: December 8-15<\/a><div class=\"lcp_excerpt\">\nDecember 8\n\n\nSau\u00a0\/sa\u0361\u028a\/, n. Class D.\u00a0\u00a0Journey.\u00a0Sauyi\u00a0\/\u02c8sa\u0361\u028a.ji\/,\u00a0relating to journeys. Asauyit\u00a0\/\u028c.\u02c8sa\u0361\u028a.jit\u032a\/,\u00a0to travel.\n\n\nIasau,\u00a0pilgrimage.\u00a0Nusauyi,\u00a0culturally astute, well-traveled.\u00a0Nusaukouri,\u00a0someone who has made traveling a profession.\u00a0Enasau,\u00a0religious procession.\u00a0Sauy\u00e5ss\u1ecb, any god ...<\/div><\/li><li><a href=\"https:\/\/www.kayeboesme.com\/pangrammatike\/2019\/12\/07\/lexember-2019-december-1-7\/\">Lexember 2019: December 1-7<\/a><div class=\"lcp_excerpt\">\nIt is once again Lexember, the time of year when conlangers work on our lexicons. \n\n\nLooking Back\n\n\nLast year, I wrote ...<\/div><\/li><li><a href=\"https:\/\/www.kayeboesme.com\/pangrammatike\/2019\/08\/16\/transmutation\/\">Transmutation<\/a><div class=\"lcp_excerpt\">\ncrush thesecertain flower petalsthe pulp redhot beneath your fingerssticky, sweet, spicywhat it touchesit changesdeepening gracewe will ascend likedoves into the ...<\/div><\/li><li><a href=\"https:\/\/www.kayeboesme.com\/pangrammatike\/2019\/08\/15\/conlang-writing-systems-narahji\/\">Conlang Writing Systems: Narahji<\/a><div class=\"lcp_excerpt\">\nA Quattro pad with detached sheets. I really like the feel of this paper and how it behaves with the ...<\/div><\/li><li><a href=\"https:\/\/www.kayeboesme.com\/pangrammatike\/2019\/02\/01\/publication-update\/\">Publication Update!<\/a><div class=\"lcp_excerpt\">\nAs of today, I have a short story available in The\u00a0Society\u00a0of\u00a0Misfit\u00a0Stories\u00a0Presents\u2026 February 2019 issue!\n\n\n\nIn &#8220;Ash Shades,&#8221; two women survive the ...<\/div><\/li><li><a href=\"https:\/\/www.kayeboesme.com\/pangrammatike\/2018\/12\/31\/lexember-kinship-gender-society\/\">#Lexember: Kinship, Gender, Society<\/a><div class=\"lcp_excerpt\">\nThis is the final leg of #Lexember! If you&#8217;ve been following my account @eamarubhe, you may be interested in following ...<\/div><\/li><li><a href=\"https:\/\/www.kayeboesme.com\/pangrammatike\/2018\/12\/30\/2018-in-review\/\">2018 in Review<\/a><div class=\"lcp_excerpt\">In which I review major things I accomplished this year. I wrote 321,000 words and spent ~354 hours in creative ...<\/div><\/li><li><a href=\"https:\/\/www.kayeboesme.com\/pangrammatike\/2018\/12\/21\/lexember-in-the-fatiguing-darkness-of-winter\/\">#Lexember in the fatiguing darkness of winter<\/a><div class=\"lcp_excerpt\">\nThis week, how dark it is outside really hit me. The library where I work is in a basement, and ...<\/div><\/li><li><a href=\"https:\/\/www.kayeboesme.com\/pangrammatike\/2018\/12\/14\/twas-the-second-week-of-lexember\/\">&#8216;Twas the Second Week of #Lexember<\/a><div class=\"lcp_excerpt\">Updates from Days 8-14 of #Lexember. This includes more content than Twitter for #eamarubhe. Specifically, despite no cats being on ...<\/div><\/li><li><a href=\"https:\/\/www.kayeboesme.com\/pangrammatike\/2018\/12\/07\/as-lexember-begins-eamarubhe\/\">As #Lexember Begins, #Eamarubhe<\/a><div class=\"lcp_excerpt\">\n\n\nhttps:\/\/twitter.com\/kayeboesme\/status\/1007754259352510464\nThis is the language that I am building.\n\n\n\u025b\u0361\u0252\u0308.\u02c8m\u0251.\u02cc\u00f0y.\u03b2\u025bbh =\u00a0\u03b2r = \/\u027e\/ in all places but before \/u\/, \/\u0252\u0308\/, and \/\u0251\/, ...<\/div><\/li><li><a href=\"https:\/\/www.kayeboesme.com\/pangrammatike\/2018\/09\/08\/writing-in-binary\/\">Writing in Binary<\/a><div class=\"lcp_excerpt\">I&#8217;ve worked from maps for science fiction stories since I was in my mid- to late teens. According to writers ...<\/div><\/li><li><a href=\"https:\/\/www.kayeboesme.com\/pangrammatike\/2018\/09\/01\/writing-updates-august-2018\/\">Writing Updates<\/a><div class=\"lcp_excerpt\">Before I get going: read my poem (and all of the other stories and poems) in the summer issue of ...<\/div><\/li><li><a href=\"https:\/\/www.kayeboesme.com\/pangrammatike\/2018\/08\/25\/a-short-conlang-sketch-gnaseklahi\/\">A Short Conlang Sketch: Gnaseklahi<\/a><div class=\"lcp_excerpt\">I&#8217;m moving a few older posts from Tumblr to my main conlang blog. This is a sketch of a language ...<\/div><\/li><li><a href=\"https:\/\/www.kayeboesme.com\/pangrammatike\/2018\/06\/17\/when-a-librarian-writes-conlangs\/\">When a Librarian Writes Conlangs<\/a><div class=\"lcp_excerpt\">I saw a question on Twitter that was posted on Metafilter about words for librarian in &#8220;geek languages,&#8221; which was ...<\/div><\/li><li><a href=\"https:\/\/www.kayeboesme.com\/pangrammatike\/2018\/04\/25\/the-richness-of-infinity-on-integrating-worldbuilding-across-time-and-space\/\">The Richness of Infinity: On Integrating Worldbuilding Across Time and Space<\/a><div class=\"lcp_excerpt\">For those of you who loved my podcast Epiphany, guess what? I&#8217;m working on a podcast called Ossia right now, ...<\/div><\/li><li><a href=\"https:\/\/www.kayeboesme.com\/pangrammatike\/2018\/03\/17\/the-final-paragraph-of-epiphany\/\">The Final Paragraph of Epiphany<\/a><div class=\"lcp_excerpt\">So, after 54 chapters and one cultural primer on the systems of gender in the country Tvesh\u0117, Epiphany: The Story ...<\/div><\/li><li><a href=\"https:\/\/www.kayeboesme.com\/pangrammatike\/2018\/02\/19\/how-i-use-pronoun-systems-to-reflect-conlangs-and-concultures\/\">How I Use Pronoun Systems to Reflect Conlangs and Concultures<\/a><div class=\"lcp_excerpt\">When I was in my mid\/late twenties, I transitioned from writing stories that used\u00a0he and\u00a0she to writing stories where I ...<\/div><\/li><li><a href=\"https:\/\/www.kayeboesme.com\/pangrammatike\/2018\/02\/03\/reflections-on-writing-in-2017\/\">Reflections on Writing in 2017<\/a><div class=\"lcp_excerpt\">Writing-wise, 2017 was an interesting year. This is the part where I talk about a variety of projects related to ...<\/div><\/li><li><a href=\"https:\/\/www.kayeboesme.com\/pangrammatike\/2017\/12\/31\/lexember-22-31-fried-pastries-counting-mass-nouns-is-hard-and-yes-theres-a-word-for-the-darkness-of-space\/\">Lexember #22-31: Fried pastries, counting mass nouns is hard, and yes, there&#8217;s a word for the darkness of space<\/a><div class=\"lcp_excerpt\">\nI have a lot of lexember stuff below, most of it from Twitter. Since I have more than 280 characters ...<\/div><\/li><li><a href=\"https:\/\/www.kayeboesme.com\/pangrammatike\/2017\/12\/21\/happy-winter-solstice-and-lexember-17-21\/\">Happy Winter Solstice! (\u2026 and Lexember #17-21)<\/a><div class=\"lcp_excerpt\">First off,\u00a0Happy Winter Solstice to everyone! \u2600\ufe0f\ud83c\udf03\nIn Tveshi, that would be\u00a0Keshehio Oinnupor\u00e5s\u0117o mesah! \u2014 You.DAT Winter Solstice.CAUS solidarity\/hello\/salutations. Indirect objects ...<\/div><\/li><li><a href=\"https:\/\/www.kayeboesme.com\/pangrammatike\/2017\/12\/16\/lexember-days-8-15-teachers-and-ancestors\/\">Lexember Days #8-16: Teachers and Ancestors<\/a><div class=\"lcp_excerpt\">Lexember has been going well, and one of its biggest benefits is that I&#8217;ve started rendering things in IPA. Going ...<\/div><\/li><li><a href=\"https:\/\/www.kayeboesme.com\/pangrammatike\/2017\/12\/07\/lexember-day-4-7-yes-tveshi-was-my-first-conlang\/\">Lexember Days #4-7: Yes, Tveshi was my first conlang.<\/a><div class=\"lcp_excerpt\">I only have one LaTeX page of my incredibly poor late-teens-early-twenties dictionary decision to go in the A section. Then, ...<\/div><\/li><li><a href=\"https:\/\/www.kayeboesme.com\/pangrammatike\/2017\/12\/05\/notes-on-epiphany-oratory-in-igzarhjenya-languages-and-iturji\/\">Notes on Epiphany: Oratory in \u1ecagzarhjenya Languages (and Iturji)<\/a><div class=\"lcp_excerpt\">When I was reading the 56 Hikol piece about Tehjen, I did not render Narahji in the IPA \u2014 although ...<\/div><\/li><li><a href=\"https:\/\/www.kayeboesme.com\/pangrammatike\/2017\/12\/03\/lexember-day-3\/\">Lexember Day #3<\/a><div class=\"lcp_excerpt\">I spent about an hour and a half working on my Tveshi dictionary and wrote up about 10-15 entries, which ...<\/div><\/li><li><a href=\"https:\/\/www.kayeboesme.com\/pangrammatike\/2017\/12\/02\/lexember-days-1-2\/\">Lexember: Days 1-2<\/a><div class=\"lcp_excerpt\">I wanted to translate &#8220;lexember&#8221; into Tveshi. It would have been an ideal Day One, but yesterday, I participated in ...<\/div><\/li><li><a href=\"https:\/\/www.kayeboesme.com\/pangrammatike\/2017\/12\/01\/when-great-houses-fall\/\">When Great Houses Fall<\/a><div class=\"lcp_excerpt\">This is (another) partial repost from Tumblr, but it&#8217;s relevant to the past few\u00a0Epiphany episodes \u2014 a proverb came up ...<\/div><\/li><li><a href=\"https:\/\/www.kayeboesme.com\/pangrammatike\/2017\/11\/30\/today-we-feast-tomorrow-we-lexember\/\">Today, We Feast; Tomorrow, We #Lexember<\/a><div class=\"lcp_excerpt\">Tomorrow is #lexember. I&#8217;m not a #NaNoWriMo person because, as an academic librarian, my achievable word count the month I ...<\/div><\/li><li><a href=\"https:\/\/www.kayeboesme.com\/pangrammatike\/2017\/11\/30\/linguistic-beauty-can-be-hard-to-podcast\/\">Linguistic Beauty Can Be Hard to Podcast<\/a><div class=\"lcp_excerpt\">To conclude, we believe views about the beauty and ugliness of languages and dialects are built on cultural norms, pressures ...<\/div><\/li><li><a href=\"https:\/\/www.kayeboesme.com\/pangrammatike\/2017\/11\/29\/narahji-noun-classes-insults\/\">Insults in Narahji: The Noun Class Edition<\/a><div class=\"lcp_excerpt\">(A partial repost from Tumblr with some new content.)\nThe Narahji spoken in\u00a0Epiphany is not always internally consistent because it&#8217;s the ...<\/div><\/li><li><a href=\"https:\/\/www.kayeboesme.com\/pangrammatike\/2017\/11\/29\/starting-pangrammatike\/\">Starting Pangrammatike<\/a><div class=\"lcp_excerpt\">2016 and 2017 have been draining years. The social media cycles of alarm help us build coalitions, beg for basic ...<\/div><\/li><\/ul>\n","protected":false},"excerpt":{"rendered":"","protected":false},"author":1,"featured_media":0,"parent":0,"menu_order":0,"comment_status":"closed","ping_status":"closed","template":"","meta":{"jetpack_post_was_ever_published":false,"footnotes":""},"class_list":["post-308","page","type-page","status-publish","hentry"],"jetpack_sharing_enabled":true,"jetpack_shortlink":"https:\/\/wp.me\/P9qEhO-4Y","jetpack_likes_enabled":true,"jetpack-related-posts":[{"id":348,"url":"https:\/\/www.kayeboesme.com\/pangrammatike\/conlangs\/","url_meta":{"origin":308,"position":0},"title":"Conlangs","author":"kaye","date":"31 March 2019","format":false,"excerpt":"(BTW: There's not enough on my domain to have a Publicity page, but if you love conlangs, I'd encourage you to check out the Conlangery podcast. Conlangery did an interview with me (Episode #130) on conlangs and Epiphany.) I'd really like to get Tveshi up here; it has interesting formality\u2026","rel":"","context":"Similar post","block_context":{"text":"Similar post","link":""},"img":{"alt_text":"","src":"","width":0,"height":0},"classes":[]},{"id":154,"url":"https:\/\/www.kayeboesme.com\/pangrammatike\/privacy-policy\/","url_meta":{"origin":308,"position":1},"title":"Privacy Policy","author":"kaye","date":"24 May 2018","format":false,"excerpt":"Who we are Hi! I'm Kaye. Where you see \"we,\" this is using the generic boilerplate privacy language. Where I say \"I,\" I have added my own information. What personal data we collect and why we collect it Comments When visitors leave comments on the site we collect the data\u2026","rel":"","context":"Similar post","block_context":{"text":"Similar post","link":""},"img":{"alt_text":"","src":"","width":0,"height":0},"classes":[]}],"_links":{"self":[{"href":"https:\/\/www.kayeboesme.com\/pangrammatike\/wp-json\/wp\/v2\/pages\/308","targetHints":{"allow":["GET"]}}],"collection":[{"href":"https:\/\/www.kayeboesme.com\/pangrammatike\/wp-json\/wp\/v2\/pages"}],"about":[{"href":"https:\/\/www.kayeboesme.com\/pangrammatike\/wp-json\/wp\/v2\/types\/page"}],"author":[{"embeddable":true,"href":"https:\/\/www.kayeboesme.com\/pangrammatike\/wp-json\/wp\/v2\/users\/1"}],"replies":[{"embeddable":true,"href":"https:\/\/www.kayeboesme.com\/pangrammatike\/wp-json\/wp\/v2\/comments?post=308"}],"version-history":[{"count":5,"href":"https:\/\/www.kayeboesme.com\/pangrammatike\/wp-json\/wp\/v2\/pages\/308\/revisions"}],"predecessor-version":[{"id":313,"href":"https:\/\/www.kayeboesme.com\/pangrammatike\/wp-json\/wp\/v2\/pages\/308\/revisions\/313"}],"wp:attachment":[{"href":"https:\/\/www.kayeboesme.com\/pangrammatike\/wp-json\/wp\/v2\/media?parent=308"}],"curies":[{"name":"wp","href":"https:\/\/api.w.org\/{rel}","templated":true}]}}